{"id":679,"date":"2025-10-29T21:31:54","date_gmt":"2025-10-29T21:31:54","guid":{"rendered":"http:\/\/anyksciuvb-app.local\/?page_id=679"},"modified":"2025-11-14T19:10:53","modified_gmt":"2025-11-14T19:10:53","slug":"marsrutai","status":"publish","type":"page","link":"https:\/\/anyksciuvb.coded.lt\/en\/marsrutai\/","title":{"rendered":"Mar\u0161rutai"},"content":{"rendered":"\t\t<div data-elementor-type=\"wp-page\" data-elementor-id=\"679\" class=\"elementor elementor-679\" data-elementor-post-type=\"page\">\n\t\t\t\t<section class=\"elementor-element elementor-element-7066ca3 e-con-full e-flex e-con e-parent\" data-id=\"7066ca3\" data-element_type=\"container\" data-e-type=\"container\">\n\t\t\t\t<div class=\"elementor-element elementor-element-ada4229 elementor-widget elementor-widget-template\" data-id=\"ada4229\" data-element_type=\"widget\" data-e-type=\"widget\" data-widget_type=\"template.default\">\n\t\t\t\t<div class=\"elementor-widget-container\">\n\t\t\t\t\t\t\t<div class=\"elementor-template\">\n\t\t\t\t\t<div data-elementor-type=\"section\" data-elementor-id=\"681\" class=\"elementor elementor-681\" data-elementor-post-type=\"elementor_library\">\n\t\t\t<div class=\"elementor-element elementor-element-f38430c e-con-full hero-wrapper e-flex e-con e-parent\" data-id=\"f38430c\" data-element_type=\"container\" data-e-type=\"container\">\n\t\t<div class=\"elementor-element elementor-element-c8947b7 e-con-full e-flex e-con e-child\" data-id=\"c8947b7\" data-element_type=\"container\" data-e-type=\"container\" data-settings=\"{&quot;background_background&quot;:&quot;classic&quot;,&quot;position&quot;:&quot;absolute&quot;}\">\n\t\t\t\t<\/div>\n\t\t\t\t<div class=\"elementor-element elementor-element-0200769 elementor-widget elementor-widget-image\" data-id=\"0200769\" data-element_type=\"widget\" data-e-type=\"widget\" data-widget_type=\"image.default\">\n\t\t\t\t\t\t\t\t\t\t\t\t\t\t\t<img fetchpriority=\"high\" decoding=\"async\" width=\"1024\" height=\"566\" src=\"https:\/\/anyksciuvb.coded.lt\/wp-content\/uploads\/2025\/10\/37decd3482b75abea3ffa7ba54be0480bf46c3ed.jpg\" class=\"attachment-full size-full wp-image-680\" alt=\"\" srcset=\"https:\/\/anyksciuvb.coded.lt\/wp-content\/uploads\/2025\/10\/37decd3482b75abea3ffa7ba54be0480bf46c3ed.jpg 1024w, https:\/\/anyksciuvb.coded.lt\/wp-content\/uploads\/2025\/10\/37decd3482b75abea3ffa7ba54be0480bf46c3ed-300x166.jpg 300w, https:\/\/anyksciuvb.coded.lt\/wp-content\/uploads\/2025\/10\/37decd3482b75abea3ffa7ba54be0480bf46c3ed-768x425.jpg 768w, https:\/\/anyksciuvb.coded.lt\/wp-content\/uploads\/2025\/10\/37decd3482b75abea3ffa7ba54be0480bf46c3ed-18x10.jpg 18w\" sizes=\"(max-width: 1024px) 100vw, 1024px\" \/>\t\t\t\t\t\t\t\t\t\t\t\t\t\t\t<\/div>\n\t\t\t\t<div class=\"elementor-element elementor-element-c8a484e elementor-absolute elementor-widget elementor-widget-button\" data-id=\"c8a484e\" data-element_type=\"widget\" data-e-type=\"widget\" data-settings=\"{&quot;_position&quot;:&quot;absolute&quot;}\" data-widget_type=\"button.default\">\n\t\t\t\t\t\t\t\t\t\t<a class=\"elementor-button elementor-button-link elementor-size-sm\" href=\"#\">\n\t\t\t\t\t\t<span class=\"elementor-button-content-wrapper\">\n\t\t\t\t\t\t\t\t\t<span class=\"elementor-button-text\">iBiblioteka<\/span>\n\t\t\t\t\t<\/span>\n\t\t\t\t\t<\/a>\n\t\t\t\t\t\t\t\t<\/div>\n\t\t\t\t<\/div>\n\t\t\t\t<\/div>\n\t\t\t\t<\/div>\n\t\t\t\t\t\t<\/div>\n\t\t\t\t<\/div>\n\t\t\t\t<\/section>\n\t\t<section class=\"elementor-element elementor-element-9b7b9dd e-con-full e-flex e-con e-parent\" data-id=\"9b7b9dd\" data-element_type=\"container\" data-e-type=\"container\">\n\t\t\t\t<div class=\"elementor-element elementor-element-fd0b635 elementor-grid-1 elementor-grid-tablet-1 elementor-grid-mobile-1 elementor-widget elementor-widget-loop-grid\" data-id=\"fd0b635\" data-element_type=\"widget\" data-e-type=\"widget\" id=\"routes-grid-wrap\" data-settings=\"{&quot;template_id&quot;:&quot;722&quot;,&quot;columns&quot;:1,&quot;columns_tablet&quot;:1,&quot;row_gap&quot;:{&quot;unit&quot;:&quot;px&quot;,&quot;size&quot;:0,&quot;sizes&quot;:[]},&quot;row_gap_tablet&quot;:{&quot;unit&quot;:&quot;px&quot;,&quot;size&quot;:32,&quot;sizes&quot;:[]},&quot;_skin&quot;:&quot;post&quot;,&quot;columns_mobile&quot;:&quot;1&quot;,&quot;edit_handle_selector&quot;:&quot;[data-elementor-type=\\&quot;loop-item\\&quot;]&quot;,&quot;row_gap_mobile&quot;:{&quot;unit&quot;:&quot;px&quot;,&quot;size&quot;:&quot;&quot;,&quot;sizes&quot;:[]}}\" data-widget_type=\"loop-grid.post\">\n\t\t\t\t<div class=\"elementor-widget-container\">\n\t\t\t\t\t\t\t<div class=\"elementor-loop-container elementor-grid\" role=\"list\">\n\t\t<style id=\"loop-722\">.elementor-722 .elementor-element.elementor-element-f334c48{--display:flex;--flex-direction:row;--container-widget-width:initial;--container-widget-height:100%;--container-widget-flex-grow:1;--container-widget-align-self:stretch;--flex-wrap-mobile:wrap;--gap:0px 0px;--row-gap:0px;--column-gap:0px;--margin-top:0px;--margin-bottom:0px;--margin-left:0px;--margin-right:0px;--padding-top:0px;--padding-bottom:0px;--padding-left:0px;--padding-right:0px;}.elementor-722 .elementor-element.elementor-element-79b700e{--display:flex;--gap:0px 0px;--row-gap:0px;--column-gap:0px;--margin-top:0px;--margin-bottom:0px;--margin-left:0px;--margin-right:0px;--padding-top:0px;--padding-bottom:0px;--padding-left:0px;--padding-right:0px;}.elementor-widget-image .widget-image-caption{color:var( --e-global-color-text );font-family:var( --e-global-typography-text-font-family ), Sans-serif;font-size:var( --e-global-typography-text-font-size );font-weight:var( --e-global-typography-text-font-weight );text-transform:var( --e-global-typography-text-text-transform );font-style:var( --e-global-typography-text-font-style );text-decoration:var( --e-global-typography-text-text-decoration );line-height:var( --e-global-typography-text-line-height );letter-spacing:var( --e-global-typography-text-letter-spacing );}.elementor-722 .elementor-element.elementor-element-6c3eb1f img{width:100%;max-width:100%;height:736px;object-fit:cover;object-position:center center;}.elementor-722 .elementor-element.elementor-element-6c3eb1f{margin:0px 0px calc(var(--kit-widget-spacing, 0px) + 0px) 0px;padding:0px 0px 0px 0px;}.elementor-722 .elementor-element.elementor-element-5098f1a{--display:flex;--flex-direction:column;--container-widget-width:100%;--container-widget-height:initial;--container-widget-flex-grow:0;--container-widget-align-self:initial;--flex-wrap-mobile:wrap;--justify-content:center;--gap:40px 40px;--row-gap:40px;--column-gap:40px;--margin-top:0px;--margin-bottom:0px;--margin-left:0px;--margin-right:0px;--padding-top:0px;--padding-bottom:0px;--padding-left:64px;--padding-right:64px;}.elementor-widget-heading .elementor-heading-title{font-family:var( --e-global-typography-primary-font-family ), Sans-serif;font-size:var( --e-global-typography-primary-font-size );font-weight:var( --e-global-typography-primary-font-weight );text-transform:var( --e-global-typography-primary-text-transform );font-style:var( --e-global-typography-primary-font-style );text-decoration:var( --e-global-typography-primary-text-decoration );line-height:var( --e-global-typography-primary-line-height );letter-spacing:var( --e-global-typography-primary-letter-spacing );color:var( --e-global-color-primary );}.elementor-722 .elementor-element.elementor-element-1a794eb .elementor-heading-title{color:var( --e-global-color-text );}.elementor-722 .elementor-element.elementor-element-c5f1dd6 .elementor-heading-title{font-family:\"Figtree\", Sans-serif;font-size:24px;font-weight:600;text-transform:none;font-style:normal;text-decoration:none;line-height:32px;letter-spacing:0px;color:var( --e-global-color-text );}.elementor-widget-button .elementor-button{font-family:var( --e-global-typography-accent-font-family ), Sans-serif;font-weight:var( --e-global-typography-accent-font-weight );background-color:var( --e-global-color-accent );}.elementor-722 .elementor-element.elementor-element-ca6b565 .elementor-button{font-family:\"Figtree\", Sans-serif;font-size:24px;font-weight:600;text-transform:uppercase;font-style:normal;text-decoration:none;line-height:32px;letter-spacing:0px;fill:var( --e-global-color-secondary );color:var( --e-global-color-secondary );background-color:var( --e-global-color-primary );}@media(min-width:768px){.elementor-722 .elementor-element.elementor-element-79b700e{--width:50%;}.elementor-722 .elementor-element.elementor-element-5098f1a{--width:50%;}}@media(max-width:1024px) and (min-width:768px){.elementor-722 .elementor-element.elementor-element-79b700e{--width:100%;}.elementor-722 .elementor-element.elementor-element-5098f1a{--width:100%;}}@media(max-width:1024px){.elementor-722 .elementor-element.elementor-element-f334c48{--flex-direction:column;--container-widget-width:100%;--container-widget-height:initial;--container-widget-flex-grow:0;--container-widget-align-self:initial;--flex-wrap-mobile:wrap;--gap:16px 16px;--row-gap:16px;--column-gap:16px;}.elementor-widget-image .widget-image-caption{font-size:var( --e-global-typography-text-font-size );line-height:var( --e-global-typography-text-line-height );letter-spacing:var( --e-global-typography-text-letter-spacing );}.elementor-722 .elementor-element.elementor-element-6c3eb1f img{height:300px;}.elementor-722 .elementor-element.elementor-element-5098f1a{--gap:16px 16px;--row-gap:16px;--column-gap:16px;--padding-top:0;--padding-bottom:0;--padding-left:5%;--padding-right:5%;}.elementor-widget-heading .elementor-heading-title{font-size:var( --e-global-typography-primary-font-size );line-height:var( --e-global-typography-primary-line-height );letter-spacing:var( --e-global-typography-primary-letter-spacing );}.elementor-722 .elementor-element.elementor-element-c5f1dd6 .elementor-heading-title{font-size:16px;line-height:24px;}}@media(max-width:767px){.elementor-widget-image .widget-image-caption{font-size:var( --e-global-typography-text-font-size );line-height:var( --e-global-typography-text-line-height );letter-spacing:var( --e-global-typography-text-letter-spacing );}.elementor-widget-heading .elementor-heading-title{font-size:var( --e-global-typography-primary-font-size );line-height:var( --e-global-typography-primary-line-height );letter-spacing:var( --e-global-typography-primary-letter-spacing );}}<\/style>\t\t<div data-elementor-type=\"loop-item\" data-elementor-id=\"722\" class=\"elementor elementor-722 e-loop-item e-loop-item-685 post-685 routes type-routes status-publish has-post-thumbnail hentry\" data-elementor-post-type=\"elementor_library\" data-custom-edit-handle=\"1\">\n\t\t\t<div class=\"elementor-element elementor-element-f334c48 e-con-full route-container e-flex e-con e-parent\" data-id=\"f334c48\" data-element_type=\"container\" data-e-type=\"container\">\n\t\t<div class=\"elementor-element elementor-element-79b700e e-con-full e-flex e-con e-child\" data-id=\"79b700e\" data-element_type=\"container\" data-e-type=\"container\">\n\t\t\t\t<div class=\"elementor-element elementor-element-6c3eb1f elementor-widget elementor-widget-image\" data-id=\"6c3eb1f\" data-element_type=\"widget\" data-e-type=\"widget\" data-widget_type=\"image.default\">\n\t\t\t\t\t\t\t\t\t\t\t\t\t\t\t<img decoding=\"async\" width=\"2500\" height=\"1870\" src=\"https:\/\/anyksciuvb.coded.lt\/wp-content\/uploads\/2025\/10\/d5f9f043fc5caf1bb26c26f47c7e01f7ed120821.jpg\" class=\"attachment-full size-full wp-image-688\" alt=\"\" srcset=\"https:\/\/anyksciuvb.coded.lt\/wp-content\/uploads\/2025\/10\/d5f9f043fc5caf1bb26c26f47c7e01f7ed120821.jpg 2500w, https:\/\/anyksciuvb.coded.lt\/wp-content\/uploads\/2025\/10\/d5f9f043fc5caf1bb26c26f47c7e01f7ed120821-300x224.jpg 300w, https:\/\/anyksciuvb.coded.lt\/wp-content\/uploads\/2025\/10\/d5f9f043fc5caf1bb26c26f47c7e01f7ed120821-1024x766.jpg 1024w, https:\/\/anyksciuvb.coded.lt\/wp-content\/uploads\/2025\/10\/d5f9f043fc5caf1bb26c26f47c7e01f7ed120821-768x574.jpg 768w, https:\/\/anyksciuvb.coded.lt\/wp-content\/uploads\/2025\/10\/d5f9f043fc5caf1bb26c26f47c7e01f7ed120821-1536x1149.jpg 1536w, https:\/\/anyksciuvb.coded.lt\/wp-content\/uploads\/2025\/10\/d5f9f043fc5caf1bb26c26f47c7e01f7ed120821-2048x1532.jpg 2048w, https:\/\/anyksciuvb.coded.lt\/wp-content\/uploads\/2025\/10\/d5f9f043fc5caf1bb26c26f47c7e01f7ed120821-16x12.jpg 16w\" sizes=\"(max-width: 2500px) 100vw, 2500px\" \/>\t\t\t\t\t\t\t\t\t\t\t\t\t\t\t<\/div>\n\t\t\t\t<\/div>\n\t\t<div class=\"elementor-element elementor-element-5098f1a e-con-full e-flex e-con e-child\" data-id=\"5098f1a\" data-element_type=\"container\" data-e-type=\"container\">\n\t\t\t\t<div class=\"elementor-element elementor-element-1a794eb elementor-widget elementor-widget-heading\" data-id=\"1a794eb\" data-element_type=\"widget\" data-e-type=\"widget\" data-widget_type=\"heading.default\">\n\t\t\t\t\t<h2 class=\"elementor-heading-title elementor-size-default\">1 Mar\u0161rutas<\/h2>\t\t\t\t<\/div>\n\t\t\t\t<div class=\"elementor-element elementor-element-c5f1dd6 elementor-widget elementor-widget-heading\" data-id=\"c5f1dd6\" data-element_type=\"widget\" data-e-type=\"widget\" data-widget_type=\"heading.default\">\n\t\t\t\t\t<p class=\"elementor-heading-title elementor-size-default\">Lorem ipsum dolor sit amet consectetur adipiscing elit. Quisque faucibus ex sapien vitae pellentesque sem placerat. In id cursus mi pretium tellus duis convallis. Tempus leo eu aenean sed diam urna tempor. Pulvinar vivamus fringilla lacus nec metus bibendum egestas.<\/p>\t\t\t\t<\/div>\n\t\t\t\t<div class=\"elementor-element elementor-element-ca6b565 elementor-widget elementor-widget-button\" data-id=\"ca6b565\" data-element_type=\"widget\" data-e-type=\"widget\" data-widget_type=\"button.default\">\n\t\t\t\t\t\t\t\t\t\t<a class=\"elementor-button elementor-button-link elementor-size-sm\" href=\"https:\/\/anyksciuvb.coded.lt\/en\/routes\/1-marsrutas\/\">\n\t\t\t\t\t\t<span class=\"elementor-button-content-wrapper\">\n\t\t\t\t\t\t\t\t\t<span class=\"elementor-button-text\">Daugiau<\/span>\n\t\t\t\t\t<\/span>\n\t\t\t\t\t<\/a>\n\t\t\t\t\t\t\t\t<\/div>\n\t\t\t\t<\/div>\n\t\t\t\t<\/div>\n\t\t\t\t<\/div>\n\t\t\t\t<div data-elementor-type=\"loop-item\" data-elementor-id=\"722\" class=\"elementor elementor-722 e-loop-item e-loop-item-689 post-689 routes type-routes status-publish has-post-thumbnail hentry\" data-elementor-post-type=\"elementor_library\" data-custom-edit-handle=\"1\">\n\t\t\t<div class=\"elementor-element elementor-element-f334c48 e-con-full route-container e-flex e-con e-parent\" data-id=\"f334c48\" data-element_type=\"container\" data-e-type=\"container\">\n\t\t<div class=\"elementor-element elementor-element-79b700e e-con-full e-flex e-con e-child\" data-id=\"79b700e\" data-element_type=\"container\" data-e-type=\"container\">\n\t\t\t\t<div class=\"elementor-element elementor-element-6c3eb1f elementor-widget elementor-widget-image\" data-id=\"6c3eb1f\" data-element_type=\"widget\" data-e-type=\"widget\" data-widget_type=\"image.default\">\n\t\t\t\t\t\t\t\t\t\t\t\t\t\t\t<img decoding=\"async\" width=\"960\" height=\"460\" src=\"https:\/\/anyksciuvb.coded.lt\/wp-content\/uploads\/2025\/10\/433109f494185c33a80d70d9056789c44d830dd9.jpg\" class=\"attachment-full size-full wp-image-687\" alt=\"\" srcset=\"https:\/\/anyksciuvb.coded.lt\/wp-content\/uploads\/2025\/10\/433109f494185c33a80d70d9056789c44d830dd9.jpg 960w, https:\/\/anyksciuvb.coded.lt\/wp-content\/uploads\/2025\/10\/433109f494185c33a80d70d9056789c44d830dd9-300x144.jpg 300w, https:\/\/anyksciuvb.coded.lt\/wp-content\/uploads\/2025\/10\/433109f494185c33a80d70d9056789c44d830dd9-768x368.jpg 768w, https:\/\/anyksciuvb.coded.lt\/wp-content\/uploads\/2025\/10\/433109f494185c33a80d70d9056789c44d830dd9-18x9.jpg 18w\" sizes=\"(max-width: 960px) 100vw, 960px\" \/>\t\t\t\t\t\t\t\t\t\t\t\t\t\t\t<\/div>\n\t\t\t\t<\/div>\n\t\t<div class=\"elementor-element elementor-element-5098f1a e-con-full e-flex e-con e-child\" data-id=\"5098f1a\" data-element_type=\"container\" data-e-type=\"container\">\n\t\t\t\t<div class=\"elementor-element elementor-element-1a794eb elementor-widget elementor-widget-heading\" data-id=\"1a794eb\" data-element_type=\"widget\" data-e-type=\"widget\" data-widget_type=\"heading.default\">\n\t\t\t\t\t<h2 class=\"elementor-heading-title elementor-size-default\">2 Mar\u0161rutas<\/h2>\t\t\t\t<\/div>\n\t\t\t\t<div class=\"elementor-element elementor-element-c5f1dd6 elementor-widget elementor-widget-heading\" data-id=\"c5f1dd6\" data-element_type=\"widget\" data-e-type=\"widget\" data-widget_type=\"heading.default\">\n\t\t\t\t\t<p class=\"elementor-heading-title elementor-size-default\">Lorem ipsum dolor sit amet consectetur adipiscing elit. Quisque faucibus ex sapien vitae pellentesque sem placerat. In id cursus mi pretium tellus duis convallis. Tempus leo eu aenean sed diam urna tempor. Pulvinar vivamus fringilla lacus nec metus bibendum egestas.<\/p>\t\t\t\t<\/div>\n\t\t\t\t<div class=\"elementor-element elementor-element-ca6b565 elementor-widget elementor-widget-button\" data-id=\"ca6b565\" data-element_type=\"widget\" data-e-type=\"widget\" data-widget_type=\"button.default\">\n\t\t\t\t\t\t\t\t\t\t<a class=\"elementor-button elementor-button-link elementor-size-sm\" href=\"https:\/\/anyksciuvb.coded.lt\/en\/routes\/2-marsrutas\/\">\n\t\t\t\t\t\t<span class=\"elementor-button-content-wrapper\">\n\t\t\t\t\t\t\t\t\t<span class=\"elementor-button-text\">Daugiau<\/span>\n\t\t\t\t\t<\/span>\n\t\t\t\t\t<\/a>\n\t\t\t\t\t\t\t\t<\/div>\n\t\t\t\t<\/div>\n\t\t\t\t<\/div>\n\t\t\t\t<\/div>\n\t\t\t\t<div data-elementor-type=\"loop-item\" data-elementor-id=\"722\" class=\"elementor elementor-722 e-loop-item e-loop-item-690 post-690 routes type-routes status-publish has-post-thumbnail hentry\" data-elementor-post-type=\"elementor_library\" data-custom-edit-handle=\"1\">\n\t\t\t<div class=\"elementor-element elementor-element-f334c48 e-con-full route-container e-flex e-con e-parent\" data-id=\"f334c48\" data-element_type=\"container\" data-e-type=\"container\">\n\t\t<div class=\"elementor-element elementor-element-79b700e e-con-full e-flex e-con e-child\" data-id=\"79b700e\" data-element_type=\"container\" data-e-type=\"container\">\n\t\t\t\t<div class=\"elementor-element elementor-element-6c3eb1f elementor-widget elementor-widget-image\" data-id=\"6c3eb1f\" data-element_type=\"widget\" data-e-type=\"widget\" data-widget_type=\"image.default\">\n\t\t\t\t\t\t\t\t\t\t\t\t\t\t\t<img loading=\"lazy\" decoding=\"async\" width=\"2000\" height=\"1333\" src=\"https:\/\/anyksciuvb.coded.lt\/wp-content\/uploads\/2025\/10\/90ac9baefb4359454405c1d857a09fe5d6c0e87d.jpg\" class=\"attachment-full size-full wp-image-686\" alt=\"\" srcset=\"https:\/\/anyksciuvb.coded.lt\/wp-content\/uploads\/2025\/10\/90ac9baefb4359454405c1d857a09fe5d6c0e87d.jpg 2000w, https:\/\/anyksciuvb.coded.lt\/wp-content\/uploads\/2025\/10\/90ac9baefb4359454405c1d857a09fe5d6c0e87d-300x200.jpg 300w, https:\/\/anyksciuvb.coded.lt\/wp-content\/uploads\/2025\/10\/90ac9baefb4359454405c1d857a09fe5d6c0e87d-1024x682.jpg 1024w, https:\/\/anyksciuvb.coded.lt\/wp-content\/uploads\/2025\/10\/90ac9baefb4359454405c1d857a09fe5d6c0e87d-768x512.jpg 768w, https:\/\/anyksciuvb.coded.lt\/wp-content\/uploads\/2025\/10\/90ac9baefb4359454405c1d857a09fe5d6c0e87d-1536x1024.jpg 1536w, https:\/\/anyksciuvb.coded.lt\/wp-content\/uploads\/2025\/10\/90ac9baefb4359454405c1d857a09fe5d6c0e87d-18x12.jpg 18w\" sizes=\"(max-width: 2000px) 100vw, 2000px\" \/>\t\t\t\t\t\t\t\t\t\t\t\t\t\t\t<\/div>\n\t\t\t\t<\/div>\n\t\t<div class=\"elementor-element elementor-element-5098f1a e-con-full e-flex e-con e-child\" data-id=\"5098f1a\" data-element_type=\"container\" data-e-type=\"container\">\n\t\t\t\t<div class=\"elementor-element elementor-element-1a794eb elementor-widget elementor-widget-heading\" data-id=\"1a794eb\" data-element_type=\"widget\" data-e-type=\"widget\" data-widget_type=\"heading.default\">\n\t\t\t\t\t<h2 class=\"elementor-heading-title elementor-size-default\">3 Mar\u0161rutas<\/h2>\t\t\t\t<\/div>\n\t\t\t\t<div class=\"elementor-element elementor-element-c5f1dd6 elementor-widget elementor-widget-heading\" data-id=\"c5f1dd6\" data-element_type=\"widget\" data-e-type=\"widget\" data-widget_type=\"heading.default\">\n\t\t\t\t\t<p class=\"elementor-heading-title elementor-size-default\">Lorem ipsum dolor sit amet consectetur adipiscing elit. Quisque faucibus ex sapien vitae pellentesque sem placerat. In id cursus mi pretium tellus duis convallis. Tempus leo eu aenean sed diam urna tempor. Pulvinar vivamus fringilla lacus nec metus bibendum egestas.<\/p>\t\t\t\t<\/div>\n\t\t\t\t<div class=\"elementor-element elementor-element-ca6b565 elementor-widget elementor-widget-button\" data-id=\"ca6b565\" data-element_type=\"widget\" data-e-type=\"widget\" data-widget_type=\"button.default\">\n\t\t\t\t\t\t\t\t\t\t<a class=\"elementor-button elementor-button-link elementor-size-sm\" href=\"https:\/\/anyksciuvb.coded.lt\/en\/routes\/3-marsrutas\/\">\n\t\t\t\t\t\t<span class=\"elementor-button-content-wrapper\">\n\t\t\t\t\t\t\t\t\t<span class=\"elementor-button-text\">Daugiau<\/span>\n\t\t\t\t\t<\/span>\n\t\t\t\t\t<\/a>\n\t\t\t\t\t\t\t\t<\/div>\n\t\t\t\t<\/div>\n\t\t\t\t<\/div>\n\t\t\t\t<\/div>\n\t\t\t\t<\/div>\n\t\t\n\t\t\t\t\t\t<\/div>\n\t\t\t\t<\/div>\n\t\t\t\t<\/section>\n\t\t<section class=\"elementor-element elementor-element-dbceea4 e-con-full e-flex e-con e-parent\" data-id=\"dbceea4\" data-element_type=\"container\" data-e-type=\"container\">\n\t\t\t\t<div class=\"elementor-element elementor-element-becb400 elementor-widget elementor-widget-template\" data-id=\"becb400\" data-element_type=\"widget\" data-e-type=\"widget\" data-widget_type=\"template.default\">\n\t\t\t\t<div class=\"elementor-widget-container\">\n\t\t\t\t\t\t\t<div class=\"elementor-template\">\n\t\t\t\t\t<div data-elementor-type=\"section\" data-elementor-id=\"374\" class=\"elementor elementor-374\" data-elementor-post-type=\"elementor_library\">\n\t\t\t<div class=\"elementor-element elementor-element-7c3d4e4 e-con-full e-flex e-con e-parent\" data-id=\"7c3d4e4\" data-element_type=\"container\" data-e-type=\"container\" data-settings=\"{&quot;background_background&quot;:&quot;classic&quot;}\">\n\t\t<div class=\"elementor-element elementor-element-8f0c1ba e-con-full e-flex e-con e-child\" data-id=\"8f0c1ba\" data-element_type=\"container\" data-e-type=\"container\">\n\t\t<div class=\"elementor-element elementor-element-5e99b17 e-con-full e-flex e-con e-child\" data-id=\"5e99b17\" data-element_type=\"container\" data-e-type=\"container\">\n\t\t\t\t<div class=\"elementor-element elementor-element-639ede8 elementor-widget elementor-widget-heading\" data-id=\"639ede8\" data-element_type=\"widget\" data-e-type=\"widget\" data-widget_type=\"heading.default\">\n\t\t\t\t\t<h2 class=\"elementor-heading-title elementor-size-default\">Prisijunkite prie m\u016bs\u0173 prenumeratori\u0173 sistemos<\/h2>\t\t\t\t<\/div>\n\t\t\t\t<div class=\"elementor-element elementor-element-74b341d elementor-widget elementor-widget-heading\" data-id=\"74b341d\" data-element_type=\"widget\" data-e-type=\"widget\" data-widget_type=\"heading.default\">\n\t\t\t\t\t<p class=\"elementor-heading-title elementor-size-default\">U\u017esisakyti naujienas apie Bibliotekos veikl\u0105<\/p>\t\t\t\t<\/div>\n\t\t\t\t<\/div>\n\t\t<div class=\"elementor-element elementor-element-e33c287 e-con-full e-flex e-con e-child\" data-id=\"e33c287\" data-element_type=\"container\" data-e-type=\"container\">\n\t\t\t\t<div class=\"elementor-element elementor-element-248c3c0 elementor-widget elementor-widget-shortcode\" data-id=\"248c3c0\" data-element_type=\"widget\" data-e-type=\"widget\" data-widget_type=\"shortcode.default\">\n\t\t\t\t\t\t\t<div class=\"elementor-shortcode\"><div class=\"tnp tnp-subscription \">\n<form method=\"post\" action=\"https:\/\/anyksciuvb.coded.lt\/wp-admin\/admin-ajax.php?action=tnp&amp;na=s\">\n<input type=\"hidden\" name=\"nlang\" value=\"\">\n<div class=\"tnp-field tnp-field-email\"><label for=\"tnp-1\"> <\/label>\n<input class=\"tnp-email\" type=\"email\" name=\"ne\" id=\"tnp-1\" value=\"\" placeholder=\"\u012eveskite el. pa\u0161to adres\u0105\" required><\/div>\n<div class=\"tnp-field tnp-field-button\" style=\"text-align: left\"><input class=\"tnp-submit\" type=\"submit\" value=\"Prenumeruoti\" style=\"\">\n<\/div>\n<\/form>\n<\/div>\n<\/div>\n\t\t\t\t\t\t<\/div>\n\t\t\t\t<\/div>\n\t\t\t\t<\/div>\n\t\t\t\t<\/div>\n\t\t\t\t<\/div>\n\t\t\t\t<\/div>\n\t\t\t\t\t\t<\/div>\n\t\t\t\t<\/div>\n\t\t\t\t<\/section>\n\t\t\t\t<\/div>\n\t\t","protected":false},"excerpt":{"rendered":"","protected":false},"author":1,"featured_media":680,"parent":0,"menu_order":0,"comment_status":"closed","ping_status":"closed","template":"","meta":{"_acf_changed":false,"footnotes":""},"class_list":["post-679","page","type-page","status-publish","has-post-thumbnail","hentry"],"acf":[],"_links":{"self":[{"href":"https:\/\/anyksciuvb.coded.lt\/en\/wp-json\/wp\/v2\/pages\/679","targetHints":{"allow":["GET"]}}],"collection":[{"href":"https:\/\/anyksciuvb.coded.lt\/en\/wp-json\/wp\/v2\/pages"}],"about":[{"href":"https:\/\/anyksciuvb.coded.lt\/en\/wp-json\/wp\/v2\/types\/page"}],"author":[{"embeddable":true,"href":"https:\/\/anyksciuvb.coded.lt\/en\/wp-json\/wp\/v2\/users\/1"}],"replies":[{"embeddable":true,"href":"https:\/\/anyksciuvb.coded.lt\/en\/wp-json\/wp\/v2\/comments?post=679"}],"version-history":[{"count":0,"href":"https:\/\/anyksciuvb.coded.lt\/en\/wp-json\/wp\/v2\/pages\/679\/revisions"}],"wp:featuredmedia":[{"embeddable":true,"href":"https:\/\/anyksciuvb.coded.lt\/en\/wp-json\/wp\/v2\/media\/680"}],"wp:attachment":[{"href":"https:\/\/anyksciuvb.coded.lt\/en\/wp-json\/wp\/v2\/media?parent=679"}],"curies":[{"name":"wp","href":"https:\/\/api.w.org\/{rel}","templated":true}]}}