{"id":141,"date":"2025-08-30T16:18:51","date_gmt":"2025-08-30T16:18:51","guid":{"rendered":"http:\/\/anyksciuvb-app.local\/?page_id=141"},"modified":"2026-02-11T21:28:35","modified_gmt":"2026-02-11T21:28:35","slug":"naudingos-nuorodos","status":"publish","type":"page","link":"https:\/\/anyksciuvb.coded.lt\/en\/naudingos-nuorodos\/","title":{"rendered":"Naudingos nuorodos"},"content":{"rendered":"\t\t<div data-elementor-type=\"wp-page\" data-elementor-id=\"141\" class=\"elementor elementor-141\" data-elementor-post-type=\"page\">\n\t\t\t\t<section class=\"elementor-element elementor-element-c038ae1 e-con-full e-flex e-con e-parent\" data-id=\"c038ae1\" data-element_type=\"container\" data-e-type=\"container\">\n\t\t\t\t<div class=\"elementor-element elementor-element-940c131 elementor-widget elementor-widget-template\" data-id=\"940c131\" data-element_type=\"widget\" data-e-type=\"widget\" data-widget_type=\"template.default\">\n\t\t\t\t<div class=\"elementor-widget-container\">\n\t\t\t\t\t\t\t<div class=\"elementor-template\">\n\t\t\t\t\t<div data-elementor-type=\"section\" data-elementor-id=\"746\" class=\"elementor elementor-746\" data-elementor-post-type=\"elementor_library\">\n\t\t\t<div class=\"elementor-element elementor-element-7c987d1 e-con-full hero-wrapper e-flex e-con e-parent\" data-id=\"7c987d1\" data-element_type=\"container\" data-e-type=\"container\">\n\t\t<div class=\"elementor-element elementor-element-535e436 e-con-full main-heading e-flex e-con e-child\" data-id=\"535e436\" data-element_type=\"container\" data-e-type=\"container\" data-settings=\"{&quot;background_background&quot;:&quot;classic&quot;,&quot;position&quot;:&quot;absolute&quot;}\">\n\t\t\t\t<\/div>\n\t\t<div class=\"elementor-element elementor-element-b02f151 e-con-full main-subheading e-transform elementor-hidden-desktop elementor-hidden-tablet elementor-hidden-mobile e-flex e-con e-child\" data-id=\"b02f151\" data-element_type=\"container\" data-e-type=\"container\" data-settings=\"{&quot;background_background&quot;:&quot;classic&quot;,&quot;position&quot;:&quot;absolute&quot;,&quot;_transform_skewX_effect&quot;:{&quot;unit&quot;:&quot;px&quot;,&quot;size&quot;:0,&quot;sizes&quot;:[]},&quot;_transform_skewY_effect&quot;:{&quot;unit&quot;:&quot;px&quot;,&quot;size&quot;:5,&quot;sizes&quot;:[]},&quot;_transform_skewX_effect_tablet&quot;:{&quot;unit&quot;:&quot;deg&quot;,&quot;size&quot;:&quot;&quot;,&quot;sizes&quot;:[]},&quot;_transform_skewX_effect_mobile&quot;:{&quot;unit&quot;:&quot;deg&quot;,&quot;size&quot;:&quot;&quot;,&quot;sizes&quot;:[]},&quot;_transform_skewY_effect_tablet&quot;:{&quot;unit&quot;:&quot;deg&quot;,&quot;size&quot;:&quot;&quot;,&quot;sizes&quot;:[]},&quot;_transform_skewY_effect_mobile&quot;:{&quot;unit&quot;:&quot;deg&quot;,&quot;size&quot;:&quot;&quot;,&quot;sizes&quot;:[]}}\">\n\t\t\t\t<div class=\"elementor-element elementor-element-99a86c6 elementor-widget elementor-widget-heading\" data-id=\"99a86c6\" data-element_type=\"widget\" data-e-type=\"widget\" data-widget_type=\"heading.default\">\n\t\t\t\t\t<h1 class=\"elementor-heading-title elementor-size-default\">Informacija<\/h1>\t\t\t\t<\/div>\n\t\t\t\t<\/div>\n\t\t\t\t<div class=\"elementor-element elementor-element-e8b92c1 elementor-widget elementor-widget-image\" data-id=\"e8b92c1\" data-element_type=\"widget\" data-e-type=\"widget\" data-widget_type=\"image.default\">\n\t\t\t\t\t\t\t\t\t\t\t\t\t\t\t<img fetchpriority=\"high\" decoding=\"async\" width=\"2000\" height=\"1333\" src=\"https:\/\/anyksciuvb.coded.lt\/wp-content\/uploads\/2025\/10\/90ac9baefb4359454405c1d857a09fe5d6c0e87d.jpg\" class=\"attachment-full size-full wp-image-686\" alt=\"\" srcset=\"https:\/\/anyksciuvb.coded.lt\/wp-content\/uploads\/2025\/10\/90ac9baefb4359454405c1d857a09fe5d6c0e87d.jpg 2000w, https:\/\/anyksciuvb.coded.lt\/wp-content\/uploads\/2025\/10\/90ac9baefb4359454405c1d857a09fe5d6c0e87d-300x200.jpg 300w, https:\/\/anyksciuvb.coded.lt\/wp-content\/uploads\/2025\/10\/90ac9baefb4359454405c1d857a09fe5d6c0e87d-1024x682.jpg 1024w, https:\/\/anyksciuvb.coded.lt\/wp-content\/uploads\/2025\/10\/90ac9baefb4359454405c1d857a09fe5d6c0e87d-768x512.jpg 768w, https:\/\/anyksciuvb.coded.lt\/wp-content\/uploads\/2025\/10\/90ac9baefb4359454405c1d857a09fe5d6c0e87d-1536x1024.jpg 1536w, https:\/\/anyksciuvb.coded.lt\/wp-content\/uploads\/2025\/10\/90ac9baefb4359454405c1d857a09fe5d6c0e87d-18x12.jpg 18w\" sizes=\"(max-width: 2000px) 100vw, 2000px\" \/>\t\t\t\t\t\t\t\t\t\t\t\t\t\t\t<\/div>\n\t\t\t\t<div class=\"elementor-element elementor-element-0f0821b elementor-absolute elementor-widget elementor-widget-button\" data-id=\"0f0821b\" data-element_type=\"widget\" data-e-type=\"widget\" id=\"accessibility\" data-settings=\"{&quot;_position&quot;:&quot;absolute&quot;}\" data-widget_type=\"button.default\">\n\t\t\t\t\t\t\t\t\t\t<a class=\"elementor-button elementor-button-link elementor-size-sm\" href=\"#\">\n\t\t\t\t\t\t<span class=\"elementor-button-content-wrapper\">\n\t\t\t\t\t\t<span class=\"elementor-button-icon\">\n\t\t\t\t<svg xmlns=\"http:\/\/www.w3.org\/2000\/svg\" width=\"32\" height=\"41\" viewBox=\"0 0 32 41\" fill=\"none\"><path d=\"M16.0081 1.94909C17.8666 1.94909 19.3772 3.46949 19.3772 5.34107C19.3772 7.21214 17.8671 8.73306 16.0081 8.73306C14.1497 8.73306 12.6391 7.21266 12.6391 5.34107C12.6391 3.46949 14.1492 1.94909 16.0081 1.94909ZM16.0081 0C13.0845 0 10.7031 2.39751 10.7031 5.34107C10.7031 8.28464 13.0845 10.6821 16.0081 10.6821C18.9318 10.6821 21.3132 8.28464 21.3132 5.34107C21.3127 2.39751 18.9313 0 16.0081 0Z\" fill=\"#F7F7F7\"><\/path><path d=\"M28.4495 12.3387C29.2176 12.3387 29.9147 13.0405 30.0437 13.9891C30.1858 15.0093 29.6244 15.9382 28.7917 16.0552L19.0143 17.4461V23.6577L24.2868 36.4709C24.6806 37.4195 24.2223 38.5243 23.2801 38.9137C23.0479 39.0109 22.8087 39.0568 22.5765 39.0568C21.8475 39.0568 21.1504 38.6215 20.8532 37.9001L16.0071 26.1267L11.1604 37.9001C10.8636 38.6215 10.1666 39.0568 9.43707 39.0568C9.19839 39.0568 8.9597 39.0114 8.73353 38.9137C7.79131 38.5172 7.33945 37.4195 7.72677 36.4709L12.9992 23.6577V17.4461L3.22184 16.0623C2.38921 15.9454 1.82123 15.0159 1.9699 13.9962C2.09899 13.0476 2.80253 12.3458 3.56406 12.3458C3.62211 12.3458 3.68015 12.3523 3.7382 12.3589L13.1799 13.6974H18.8332L28.2748 12.3589C28.3334 12.3453 28.3915 12.3387 28.4495 12.3387ZM28.4495 10.3896C28.3009 10.3896 28.1528 10.4027 28.0041 10.4219L18.6916 11.7408H13.309L3.99641 10.4219C3.84779 10.4022 3.69968 10.3896 3.55107 10.3896C1.81522 10.3896 0.30508 11.8189 0.0404311 13.7166C-0.249786 15.8023 1.05371 17.7191 2.94465 17.9857L11.0568 19.1359V23.2684L5.93893 35.7173C5.55164 36.6593 5.55164 37.6991 5.93893 38.6412C6.32622 39.5833 7.05527 40.3178 7.99104 40.7073C8.45589 40.9022 8.93976 40.9995 9.43662 40.9995C10.9793 40.9995 12.3603 40.077 12.9473 38.6408L16.0071 31.2145L19.0599 38.6413C19.6474 40.0705 21.0284 41 22.5706 41C23.0674 41 23.5578 40.9028 24.0161 40.7078C25.9455 39.9022 26.8689 37.6604 26.0683 35.7179L20.9439 23.2619V19.1355L29.056 17.9853C30.0307 17.8488 30.8953 17.2639 31.4308 16.3738C31.9022 15.6005 32.0893 14.6518 31.9602 13.7164C31.702 11.8257 30.1917 10.3896 28.4495 10.3896Z\" fill=\"#F7F7F7\"><\/path><\/svg>\t\t\t<\/span>\n\t\t\t\t\t\t\t\t<\/span>\n\t\t\t\t\t<\/a>\n\t\t\t\t\t\t\t\t<\/div>\n\t\t\t\t<div class=\"elementor-element elementor-element-a56d75f elementor-absolute elementor-widget elementor-widget-button\" data-id=\"a56d75f\" data-element_type=\"widget\" data-e-type=\"widget\" data-settings=\"{&quot;_position&quot;:&quot;absolute&quot;}\" data-widget_type=\"button.default\">\n\t\t\t\t\t\t\t\t\t\t<a class=\"elementor-button elementor-button-link elementor-size-sm\" href=\"https:\/\/ibiblioteka.lt\/metis\/\" target=\"_blank\">\n\t\t\t\t\t\t<span class=\"elementor-button-content-wrapper\">\n\t\t\t\t\t\t\t\t\t<span class=\"elementor-button-text\">iBiblioteka<\/span>\n\t\t\t\t\t<\/span>\n\t\t\t\t\t<\/a>\n\t\t\t\t\t\t\t\t<\/div>\n\t\t\t\t<\/div>\n\t\t\t\t<\/div>\n\t\t\t\t<\/div>\n\t\t\t\t\t\t<\/div>\n\t\t\t\t<\/div>\n\t\t\t\t<\/section>\n\t\t<section class=\"elementor-element elementor-element-3e6b0f6 e-con-full e-flex e-con e-parent\" data-id=\"3e6b0f6\" data-element_type=\"container\" data-e-type=\"container\">\n\t\t\t\t<div class=\"elementor-element elementor-element-7ff625b elementor-widget elementor-widget-heading\" data-id=\"7ff625b\" data-element_type=\"widget\" data-e-type=\"widget\" data-widget_type=\"heading.default\">\n\t\t\t\t\t<h2 class=\"elementor-heading-title elementor-size-default\">Naudingos nuorodos<\/h2>\t\t\t\t<\/div>\n\t\t\t\t<div class=\"elementor-element elementor-element-dff5df3 elementor-widget elementor-widget-text-editor\" data-id=\"dff5df3\" data-element_type=\"widget\" data-e-type=\"widget\" data-widget_type=\"text-editor.default\">\n\t\t\t\t\t\t\t\t\t<ul><li class=\"p1\"><a href=\"https:\/\/www.anyksciai.lt\/\">Anyk\u0161\u010di\u0173 rajono savivaldyb\u0117<\/a><\/li><li><p class=\"p1\"><a href=\"https:\/\/infoanyksciai.lt\/kontaktai\/\"><span class=\"s1\">V\u0161\u012e Anyk\u0161\u010di\u0173 turizmo ir verslo informacijos centras <\/span><\/a><\/p><\/li><\/ul>\t\t\t\t\t\t\t\t<\/div>\n\t\t\t\t<\/section>\n\t\t<section class=\"elementor-element elementor-element-874f8be e-con-full e-flex e-con e-parent\" data-id=\"874f8be\" data-element_type=\"container\" data-e-type=\"container\">\n\t\t<div class=\"elementor-element elementor-element-6241c7a e-con-full e-flex e-con e-child\" data-id=\"6241c7a\" data-element_type=\"container\" data-e-type=\"container\">\n\t\t\t\t<div class=\"elementor-element elementor-element-64953b0 elementor-pagination-type-fraction elementor-arrows-position-inside elementor-pagination-position-outside elementor-widget elementor-widget-n-carousel\" data-id=\"64953b0\" data-element_type=\"widget\" data-e-type=\"widget\" data-settings=\"{&quot;carousel_items&quot;:[{&quot;slide_title&quot;:&quot;Slide #1&quot;,&quot;_id&quot;:&quot;a081f0e&quot;},{&quot;_id&quot;:&quot;999327e&quot;,&quot;slide_title&quot;:&quot;Slide #2&quot;},{&quot;_id&quot;:&quot;62dc200&quot;,&quot;slide_title&quot;:&quot;Slide #3&quot;},{&quot;slide_title&quot;:&quot;Slide #4&quot;,&quot;_id&quot;:&quot;825ebd6&quot;},{&quot;slide_title&quot;:&quot;Slide #5&quot;,&quot;_id&quot;:&quot;70cffe5&quot;}],&quot;slides_to_show&quot;:&quot;4&quot;,&quot;slides_to_scroll&quot;:&quot;1&quot;,&quot;pagination&quot;:&quot;fraction&quot;,&quot;image_spacing_custom&quot;:{&quot;unit&quot;:&quot;px&quot;,&quot;size&quot;:16,&quot;sizes&quot;:[]},&quot;slides_to_show_tablet&quot;:&quot;2&quot;,&quot;slides_to_show_mobile&quot;:&quot;1&quot;,&quot;autoplay&quot;:&quot;yes&quot;,&quot;autoplay_speed&quot;:5000,&quot;pause_on_hover&quot;:&quot;yes&quot;,&quot;pause_on_interaction&quot;:&quot;yes&quot;,&quot;infinite&quot;:&quot;yes&quot;,&quot;speed&quot;:500,&quot;offset_sides&quot;:&quot;none&quot;,&quot;arrows&quot;:&quot;yes&quot;,&quot;image_spacing_custom_tablet&quot;:{&quot;unit&quot;:&quot;px&quot;,&quot;size&quot;:&quot;&quot;,&quot;sizes&quot;:[]},&quot;image_spacing_custom_mobile&quot;:{&quot;unit&quot;:&quot;px&quot;,&quot;size&quot;:&quot;&quot;,&quot;sizes&quot;:[]}}\" data-widget_type=\"nested-carousel.default\">\n\t\t\t\t\t\t\t<div class=\"e-n-carousel swiper\" role=\"region\" aria-roledescription=\"carousel\" aria-label=\"Branch Carousel\" dir=\"ltr\">\n\t\t\t<div class=\"swiper-wrapper\" aria-live=\"off\">\n\t\t\t\t\t\t\t\t\t\t<div class=\"swiper-slide\" data-slide=\"1\" role=\"group\" aria-roledescription=\"slide\" aria-label=\"1 of 5\">\n\t\t\t\t\t\t\t<div class=\"elementor-element elementor-element-b668116 e-con-full e-flex e-con e-child\" data-id=\"b668116\" data-element_type=\"container\" data-e-type=\"container\">\n\t\t\t\t<div class=\"elementor-element elementor-element-c57b262 elementor-widget elementor-widget-image\" data-id=\"c57b262\" data-element_type=\"widget\" data-e-type=\"widget\" data-widget_type=\"image.default\">\n\t\t\t\t\t\t\t\t\t\t\t\t\t\t\t<img decoding=\"async\" width=\"2560\" height=\"1707\" src=\"https:\/\/anyksciuvb.coded.lt\/wp-content\/uploads\/2025\/09\/7d715e08a4f71e4814082abadb33188a3cae26de-min-scaled.jpg\" class=\"attachment-full size-full wp-image-561\" alt=\"\" srcset=\"https:\/\/anyksciuvb.coded.lt\/wp-content\/uploads\/2025\/09\/7d715e08a4f71e4814082abadb33188a3cae26de-min-scaled.jpg 2560w, https:\/\/anyksciuvb.coded.lt\/wp-content\/uploads\/2025\/09\/7d715e08a4f71e4814082abadb33188a3cae26de-min-300x200.jpg 300w, https:\/\/anyksciuvb.coded.lt\/wp-content\/uploads\/2025\/09\/7d715e08a4f71e4814082abadb33188a3cae26de-min-1024x683.jpg 1024w, https:\/\/anyksciuvb.coded.lt\/wp-content\/uploads\/2025\/09\/7d715e08a4f71e4814082abadb33188a3cae26de-min-768x512.jpg 768w, https:\/\/anyksciuvb.coded.lt\/wp-content\/uploads\/2025\/09\/7d715e08a4f71e4814082abadb33188a3cae26de-min-1536x1024.jpg 1536w, https:\/\/anyksciuvb.coded.lt\/wp-content\/uploads\/2025\/09\/7d715e08a4f71e4814082abadb33188a3cae26de-min-2048x1366.jpg 2048w, https:\/\/anyksciuvb.coded.lt\/wp-content\/uploads\/2025\/09\/7d715e08a4f71e4814082abadb33188a3cae26de-min-18x12.jpg 18w\" sizes=\"(max-width: 2560px) 100vw, 2560px\" \/>\t\t\t\t\t\t\t\t\t\t\t\t\t\t\t<\/div>\n\t\t\t\t<\/div>\n\t\t\t\t\t\t\t\t<\/div>\n\t\t\t\t\t\t\t\t\t\t\t<div class=\"swiper-slide\" data-slide=\"2\" role=\"group\" aria-roledescription=\"slide\" aria-label=\"2 of 5\">\n\t\t\t\t\t\t\t<div class=\"elementor-element elementor-element-6ab1dc3 e-con-full e-flex e-con e-child\" data-id=\"6ab1dc3\" data-element_type=\"container\" data-e-type=\"container\">\n\t\t\t\t<div class=\"elementor-element elementor-element-0692d95 elementor-widget elementor-widget-image\" data-id=\"0692d95\" data-element_type=\"widget\" data-e-type=\"widget\" data-widget_type=\"image.default\">\n\t\t\t\t\t\t\t\t\t\t\t\t\t\t\t<img decoding=\"async\" width=\"2560\" height=\"1707\" src=\"https:\/\/anyksciuvb.coded.lt\/wp-content\/uploads\/2025\/08\/6aed559fb40f44cf37aab0874bb8e02ef7129bde-min-scaled.jpg\" class=\"attachment-full size-full wp-image-249\" alt=\"\" srcset=\"https:\/\/anyksciuvb.coded.lt\/wp-content\/uploads\/2025\/08\/6aed559fb40f44cf37aab0874bb8e02ef7129bde-min-scaled.jpg 2560w, https:\/\/anyksciuvb.coded.lt\/wp-content\/uploads\/2025\/08\/6aed559fb40f44cf37aab0874bb8e02ef7129bde-min-300x200.jpg 300w, https:\/\/anyksciuvb.coded.lt\/wp-content\/uploads\/2025\/08\/6aed559fb40f44cf37aab0874bb8e02ef7129bde-min-1024x683.jpg 1024w, https:\/\/anyksciuvb.coded.lt\/wp-content\/uploads\/2025\/08\/6aed559fb40f44cf37aab0874bb8e02ef7129bde-min-768x512.jpg 768w, https:\/\/anyksciuvb.coded.lt\/wp-content\/uploads\/2025\/08\/6aed559fb40f44cf37aab0874bb8e02ef7129bde-min-1536x1024.jpg 1536w, https:\/\/anyksciuvb.coded.lt\/wp-content\/uploads\/2025\/08\/6aed559fb40f44cf37aab0874bb8e02ef7129bde-min-2048x1366.jpg 2048w, https:\/\/anyksciuvb.coded.lt\/wp-content\/uploads\/2025\/08\/6aed559fb40f44cf37aab0874bb8e02ef7129bde-min-18x12.jpg 18w\" sizes=\"(max-width: 2560px) 100vw, 2560px\" \/>\t\t\t\t\t\t\t\t\t\t\t\t\t\t\t<\/div>\n\t\t\t\t<\/div>\n\t\t\t\t\t\t\t\t<\/div>\n\t\t\t\t\t\t\t\t\t\t\t<div class=\"swiper-slide\" data-slide=\"3\" role=\"group\" aria-roledescription=\"slide\" aria-label=\"3 of 5\">\n\t\t\t\t\t\t\t<div class=\"elementor-element elementor-element-4291525 e-con-full e-flex e-con e-child\" data-id=\"4291525\" data-element_type=\"container\" data-e-type=\"container\">\n\t\t\t\t<div class=\"elementor-element elementor-element-f4ce516 elementor-widget elementor-widget-image\" data-id=\"f4ce516\" data-element_type=\"widget\" data-e-type=\"widget\" data-widget_type=\"image.default\">\n\t\t\t\t\t\t\t\t\t\t\t\t\t\t\t<img loading=\"lazy\" decoding=\"async\" width=\"2048\" height=\"1365\" src=\"https:\/\/anyksciuvb.coded.lt\/wp-content\/uploads\/2025\/09\/242121cf79fa60bdcceeea275b936d3847c21dcc.jpg\" class=\"attachment-full size-full wp-image-391\" alt=\"\" srcset=\"https:\/\/anyksciuvb.coded.lt\/wp-content\/uploads\/2025\/09\/242121cf79fa60bdcceeea275b936d3847c21dcc.jpg 2048w, https:\/\/anyksciuvb.coded.lt\/wp-content\/uploads\/2025\/09\/242121cf79fa60bdcceeea275b936d3847c21dcc-300x200.jpg 300w, https:\/\/anyksciuvb.coded.lt\/wp-content\/uploads\/2025\/09\/242121cf79fa60bdcceeea275b936d3847c21dcc-1024x683.jpg 1024w, https:\/\/anyksciuvb.coded.lt\/wp-content\/uploads\/2025\/09\/242121cf79fa60bdcceeea275b936d3847c21dcc-768x512.jpg 768w, https:\/\/anyksciuvb.coded.lt\/wp-content\/uploads\/2025\/09\/242121cf79fa60bdcceeea275b936d3847c21dcc-1536x1024.jpg 1536w, https:\/\/anyksciuvb.coded.lt\/wp-content\/uploads\/2025\/09\/242121cf79fa60bdcceeea275b936d3847c21dcc-18x12.jpg 18w\" sizes=\"(max-width: 2048px) 100vw, 2048px\" \/>\t\t\t\t\t\t\t\t\t\t\t\t\t\t\t<\/div>\n\t\t\t\t<\/div>\n\t\t\t\t\t\t\t\t<\/div>\n\t\t\t\t\t\t\t\t\t\t\t<div class=\"swiper-slide\" data-slide=\"4\" role=\"group\" aria-roledescription=\"slide\" aria-label=\"4 of 5\">\n\t\t\t\t\t\t\t<div class=\"elementor-element elementor-element-d2a940c e-con-full e-flex e-con e-child\" data-id=\"d2a940c\" data-element_type=\"container\" data-e-type=\"container\">\n\t\t\t\t<div class=\"elementor-element elementor-element-da96a1f elementor-widget elementor-widget-image\" data-id=\"da96a1f\" data-element_type=\"widget\" data-e-type=\"widget\" data-widget_type=\"image.default\">\n\t\t\t\t\t\t\t\t\t\t\t\t\t\t\t<img loading=\"lazy\" decoding=\"async\" width=\"2560\" height=\"1707\" src=\"https:\/\/anyksciuvb.coded.lt\/wp-content\/uploads\/2025\/09\/0ec7e4981793ae7045a515ac4f87e49aca6036d2-min-scaled.jpg\" class=\"attachment-full size-full wp-image-560\" alt=\"\" srcset=\"https:\/\/anyksciuvb.coded.lt\/wp-content\/uploads\/2025\/09\/0ec7e4981793ae7045a515ac4f87e49aca6036d2-min-scaled.jpg 2560w, https:\/\/anyksciuvb.coded.lt\/wp-content\/uploads\/2025\/09\/0ec7e4981793ae7045a515ac4f87e49aca6036d2-min-300x200.jpg 300w, https:\/\/anyksciuvb.coded.lt\/wp-content\/uploads\/2025\/09\/0ec7e4981793ae7045a515ac4f87e49aca6036d2-min-1024x683.jpg 1024w, https:\/\/anyksciuvb.coded.lt\/wp-content\/uploads\/2025\/09\/0ec7e4981793ae7045a515ac4f87e49aca6036d2-min-768x512.jpg 768w, https:\/\/anyksciuvb.coded.lt\/wp-content\/uploads\/2025\/09\/0ec7e4981793ae7045a515ac4f87e49aca6036d2-min-1536x1024.jpg 1536w, https:\/\/anyksciuvb.coded.lt\/wp-content\/uploads\/2025\/09\/0ec7e4981793ae7045a515ac4f87e49aca6036d2-min-2048x1366.jpg 2048w, https:\/\/anyksciuvb.coded.lt\/wp-content\/uploads\/2025\/09\/0ec7e4981793ae7045a515ac4f87e49aca6036d2-min-18x12.jpg 18w\" sizes=\"(max-width: 2560px) 100vw, 2560px\" \/>\t\t\t\t\t\t\t\t\t\t\t\t\t\t\t<\/div>\n\t\t\t\t<\/div>\n\t\t\t\t\t\t\t\t<\/div>\n\t\t\t\t\t\t\t\t\t\t\t<div class=\"swiper-slide\" data-slide=\"5\" role=\"group\" aria-roledescription=\"slide\" aria-label=\"5 of 5\">\n\t\t\t\t\t\t\t<div class=\"elementor-element elementor-element-689e0cc e-con-full e-flex e-con e-child\" data-id=\"689e0cc\" data-element_type=\"container\" data-e-type=\"container\">\n\t\t\t\t<div class=\"elementor-element elementor-element-f590f68 elementor-widget elementor-widget-image\" data-id=\"f590f68\" data-element_type=\"widget\" data-e-type=\"widget\" data-widget_type=\"image.default\">\n\t\t\t\t\t\t\t\t\t\t\t\t\t\t\t<img loading=\"lazy\" decoding=\"async\" width=\"2560\" height=\"1920\" src=\"https:\/\/anyksciuvb.coded.lt\/wp-content\/uploads\/2025\/09\/e97f44dcca86802860db053ed1853c8a9b5bffc4-min-scaled.jpg\" class=\"attachment-full size-full wp-image-562\" alt=\"\" srcset=\"https:\/\/anyksciuvb.coded.lt\/wp-content\/uploads\/2025\/09\/e97f44dcca86802860db053ed1853c8a9b5bffc4-min-scaled.jpg 2560w, https:\/\/anyksciuvb.coded.lt\/wp-content\/uploads\/2025\/09\/e97f44dcca86802860db053ed1853c8a9b5bffc4-min-300x225.jpg 300w, https:\/\/anyksciuvb.coded.lt\/wp-content\/uploads\/2025\/09\/e97f44dcca86802860db053ed1853c8a9b5bffc4-min-1024x768.jpg 1024w, https:\/\/anyksciuvb.coded.lt\/wp-content\/uploads\/2025\/09\/e97f44dcca86802860db053ed1853c8a9b5bffc4-min-768x576.jpg 768w, https:\/\/anyksciuvb.coded.lt\/wp-content\/uploads\/2025\/09\/e97f44dcca86802860db053ed1853c8a9b5bffc4-min-1536x1152.jpg 1536w, https:\/\/anyksciuvb.coded.lt\/wp-content\/uploads\/2025\/09\/e97f44dcca86802860db053ed1853c8a9b5bffc4-min-2048x1536.jpg 2048w, https:\/\/anyksciuvb.coded.lt\/wp-content\/uploads\/2025\/09\/e97f44dcca86802860db053ed1853c8a9b5bffc4-min-16x12.jpg 16w\" sizes=\"(max-width: 2560px) 100vw, 2560px\" \/>\t\t\t\t\t\t\t\t\t\t\t\t\t\t\t<\/div>\n\t\t\t\t<\/div>\n\t\t\t\t\t\t\t\t<\/div>\n\t\t\t\t\t\t\t\t<\/div>\n\t\t<\/div>\n\t\t\t\t\t<div class=\"elementor-swiper-button elementor-swiper-button-prev\" role=\"button\" tabindex=\"0\" aria-label=\"Previous\">\n\t\t\t\t<svg xmlns=\"http:\/\/www.w3.org\/2000\/svg\" width=\"51\" height=\"16\" viewBox=\"0 0 51 16\" fill=\"none\"><path d=\"M0.292893 7.29289C-0.0976311 7.68342 -0.0976311 8.31658 0.292893 8.70711L6.65685 15.0711C7.04738 15.4616 7.68054 15.4616 8.07107 15.0711C8.46159 14.6805 8.46159 14.0474 8.07107 13.6569L2.41421 8L8.07107 2.34315C8.46159 1.95262 8.46159 1.31946 8.07107 0.928933C7.68054 0.538408 7.04738 0.538408 6.65685 0.928933L0.292893 7.29289ZM1 8L1 9L51 9L51 8L51 7L1 7L1 8Z\" fill=\"#212121\"><\/path><\/svg>\t\t\t<\/div>\n\t\t\t<div class=\"elementor-swiper-button elementor-swiper-button-next\" role=\"button\" tabindex=\"0\" aria-label=\"Next\">\n\t\t\t\t<svg xmlns=\"http:\/\/www.w3.org\/2000\/svg\" width=\"51\" height=\"16\" viewBox=\"0 0 51 16\" fill=\"none\"><path d=\"M50.7071 8.70711C51.0976 8.31659 51.0976 7.68342 50.7071 7.2929L44.3431 0.928936C43.9526 0.538412 43.3195 0.538412 42.9289 0.928936C42.5384 1.31946 42.5384 1.95263 42.9289 2.34315L48.5858 8L42.9289 13.6569C42.5384 14.0474 42.5384 14.6805 42.9289 15.0711C43.3195 15.4616 43.9526 15.4616 44.3431 15.0711L50.7071 8.70711ZM0 8L-8.74228e-08 9L50 9L50 8L50 7L8.74228e-08 7L0 8Z\" fill=\"#212121\"><\/path><\/svg>\t\t\t<\/div>\n\t\t\t\t\t<div class=\"swiper-pagination\"><\/div>\n\t\t\t\t\t\t<\/div>\n\t\t\t\t<\/div>\n\t\t\t\t<\/section>\n\t\t<section class=\"elementor-element elementor-element-19d368a e-con-full e-flex e-con e-parent\" data-id=\"19d368a\" data-element_type=\"container\" data-e-type=\"container\">\n\t\t\t\t<div class=\"elementor-element elementor-element-10d5c30 elementor-widget elementor-widget-template\" data-id=\"10d5c30\" data-element_type=\"widget\" data-e-type=\"widget\" data-widget_type=\"template.default\">\n\t\t\t\t<div class=\"elementor-widget-container\">\n\t\t\t\t\t\t\t<div class=\"elementor-template\">\n\t\t\t\t\t<div data-elementor-type=\"section\" data-elementor-id=\"374\" class=\"elementor elementor-374\" data-elementor-post-type=\"elementor_library\">\n\t\t\t<div class=\"elementor-element elementor-element-7c3d4e4 e-con-full e-flex e-con e-parent\" data-id=\"7c3d4e4\" data-element_type=\"container\" data-e-type=\"container\" data-settings=\"{&quot;background_background&quot;:&quot;classic&quot;}\">\n\t\t<div class=\"elementor-element elementor-element-8f0c1ba e-con-full e-flex e-con e-child\" data-id=\"8f0c1ba\" data-element_type=\"container\" data-e-type=\"container\">\n\t\t<div class=\"elementor-element elementor-element-5e99b17 e-con-full e-flex e-con e-child\" data-id=\"5e99b17\" data-element_type=\"container\" data-e-type=\"container\">\n\t\t\t\t<div class=\"elementor-element elementor-element-639ede8 elementor-widget elementor-widget-heading\" data-id=\"639ede8\" data-element_type=\"widget\" data-e-type=\"widget\" data-widget_type=\"heading.default\">\n\t\t\t\t\t<h2 class=\"elementor-heading-title elementor-size-default\">Prisijunkite prie m\u016bs\u0173 prenumeratori\u0173 sistemos<\/h2>\t\t\t\t<\/div>\n\t\t\t\t<div class=\"elementor-element elementor-element-74b341d elementor-widget elementor-widget-heading\" data-id=\"74b341d\" data-element_type=\"widget\" data-e-type=\"widget\" data-widget_type=\"heading.default\">\n\t\t\t\t\t<p class=\"elementor-heading-title elementor-size-default\">U\u017esisakyti naujienas apie Bibliotekos veikl\u0105<\/p>\t\t\t\t<\/div>\n\t\t\t\t<\/div>\n\t\t<div class=\"elementor-element elementor-element-e33c287 e-con-full e-flex e-con e-child\" data-id=\"e33c287\" data-element_type=\"container\" data-e-type=\"container\">\n\t\t\t\t<div class=\"elementor-element elementor-element-248c3c0 elementor-widget elementor-widget-shortcode\" data-id=\"248c3c0\" data-element_type=\"widget\" data-e-type=\"widget\" data-widget_type=\"shortcode.default\">\n\t\t\t\t\t\t\t<div class=\"elementor-shortcode\"><div class=\"tnp tnp-subscription \">\n<form method=\"post\" action=\"https:\/\/anyksciuvb.coded.lt\/wp-admin\/admin-ajax.php?action=tnp&amp;na=s\">\n<input type=\"hidden\" name=\"nlang\" value=\"\">\n<div class=\"tnp-field tnp-field-email\"><label for=\"tnp-1\"> <\/label>\n<input class=\"tnp-email\" type=\"email\" name=\"ne\" id=\"tnp-1\" value=\"\" placeholder=\"\u012eveskite el. pa\u0161to adres\u0105\" required><\/div>\n<div class=\"tnp-field tnp-field-button\" style=\"text-align: left\"><input class=\"tnp-submit\" type=\"submit\" value=\"Prenumeruoti\" style=\"\">\n<\/div>\n<\/form>\n<\/div>\n<\/div>\n\t\t\t\t\t\t<\/div>\n\t\t\t\t<\/div>\n\t\t\t\t<\/div>\n\t\t\t\t<\/div>\n\t\t\t\t<\/div>\n\t\t\t\t<\/div>\n\t\t\t\t\t\t<\/div>\n\t\t\t\t<\/div>\n\t\t\t\t<\/section>\n\t\t\t\t<\/div>\n\t\t","protected":false},"excerpt":{"rendered":"<p>Naudingos nuorodos Anyk\u0161\u010di\u0173 rajono savivaldyb\u0117 V\u0161\u012e Anyk\u0161\u010di\u0173 turizmo ir verslo informacijos centras<\/p>","protected":false},"author":1,"featured_media":686,"parent":0,"menu_order":0,"comment_status":"closed","ping_status":"closed","template":"","meta":{"_acf_changed":false,"footnotes":""},"class_list":["post-141","page","type-page","status-publish","has-post-thumbnail","hentry"],"acf":[],"_links":{"self":[{"href":"https:\/\/anyksciuvb.coded.lt\/en\/wp-json\/wp\/v2\/pages\/141","targetHints":{"allow":["GET"]}}],"collection":[{"href":"https:\/\/anyksciuvb.coded.lt\/en\/wp-json\/wp\/v2\/pages"}],"about":[{"href":"https:\/\/anyksciuvb.coded.lt\/en\/wp-json\/wp\/v2\/types\/page"}],"author":[{"embeddable":true,"href":"https:\/\/anyksciuvb.coded.lt\/en\/wp-json\/wp\/v2\/users\/1"}],"replies":[{"embeddable":true,"href":"https:\/\/anyksciuvb.coded.lt\/en\/wp-json\/wp\/v2\/comments?post=141"}],"version-history":[{"count":0,"href":"https:\/\/anyksciuvb.coded.lt\/en\/wp-json\/wp\/v2\/pages\/141\/revisions"}],"wp:featuredmedia":[{"embeddable":true,"href":"https:\/\/anyksciuvb.coded.lt\/en\/wp-json\/wp\/v2\/media\/686"}],"wp:attachment":[{"href":"https:\/\/anyksciuvb.coded.lt\/en\/wp-json\/wp\/v2\/media?parent=141"}],"curies":[{"name":"wp","href":"https:\/\/api.w.org\/{rel}","templated":true}]}}